{"id":1861,"date":"2024-11-05T16:47:59","date_gmt":"2024-11-05T15:47:59","guid":{"rendered":"https:\/\/www.secolidimezzo.com\/the-project\/"},"modified":"2025-09-26T19:07:45","modified_gmt":"2025-09-26T17:07:45","slug":"the-project","status":"publish","type":"page","link":"https:\/\/www.secolidimezzo.com\/en\/the-project\/","title":{"rendered":"The project"},"content":{"rendered":"<p><div class=\"fusion-fullwidth fullwidth-box fusion-builder-row-1 fusion-flex-container has-pattern-background has-mask-background nonhundred-percent-fullwidth non-hundred-percent-height-scrolling\" style=\"--awb-border-radius-top-left:0px;--awb-border-radius-top-right:0px;--awb-border-radius-bottom-right:0px;--awb-border-radius-bottom-left:0px;--awb-flex-wrap:wrap;\" ><div class=\"fusion-builder-row fusion-row fusion-flex-align-items-flex-start fusion-flex-content-wrap\" style=\"max-width:1664px;margin-left: calc(-4% \/ 2 );margin-right: calc(-4% \/ 2 );\"><div class=\"fusion-layout-column fusion_builder_column fusion-builder-column-0 fusion_builder_column_1_1 1_1 fusion-flex-column\" style=\"--awb-bg-size:cover;--awb-width-large:100%;--awb-margin-top-large:0px;--awb-spacing-right-large:1.92%;--awb-margin-bottom-large:20px;--awb-spacing-left-large:1.92%;--awb-width-medium:100%;--awb-order-medium:0;--awb-spacing-right-medium:1.92%;--awb-spacing-left-medium:1.92%;--awb-width-small:100%;--awb-order-small:0;--awb-spacing-right-small:1.92%;--awb-spacing-left-small:1.92%;\"><div class=\"fusion-column-wrapper fusion-column-has-shadow fusion-flex-justify-content-flex-start fusion-content-layout-column\"><div class=\"fusion-text fusion-text-1\"><h1 style=\"text-align: center;\">THE PROJECT<\/h1>\n<\/div><div class=\"fusion-text fusion-text-2\"><h3 style=\"text-align: center;\">CENTURIES OF TRANSITION<\/h3>\n<p>The &#8216;Centuries of Transition&#8217; project, carried out by four research units from four different Italian universities, investigates the main genres (epic, elegy, lyric, tragic and comic theater, <em>carmina epigraphica<\/em>) and contexts of Greek poetic production in the 4th century BC, along with musical praxis and theory. The goal is to help recover and identify personalities and phenomena, to grasp the lines of transformation, the conditions of historical production and circulation, and to give the poetry and music of this period their own specificity and role in the cultural dynamics of ancient Greece, between tradition and innovation.<\/p>\n<p>The site, which is constantly being updated, is divided into five sections, each of which provides sample materials and points to more specific avenues for further study. The teaching section redirects users to video lectures conducted by researchers collaborating on the project and provides self-assessment materials for teachers and students.<\/p>\n<\/div><div class=\"fusion-text fusion-text-3\"><div class=\"fusion-title title fusion-title-3 fusion-sep-none fusion-title-text fusion-title-size-paragraph\">\n<p class=\"fusion-title-heading title-heading-left title-heading-tag fusion-responsive-typography-calculated\"><strong>HEADS OF RESEARCH UNITS:<\/strong><\/p>\n<\/div>\n<p>Carmine CATENACCI, Universit\u00e0 degli studi &#8220;G. d&#8217;Annunzio&#8221; di Chieti-Pescara (Unit\u00e0 di Chieti-Pescara, PI of the project)<br \/>\nLiana LOMIENTO, Universit\u00e0 degli studi di Urbino &#8220;Carlo Bo&#8221; (Urbino)<br \/>\nAlessandra MANIERI, Universit\u00e0 del Salento (Lecce)<br \/>\nEleonora ROCCONI, Universit\u00e0 di Pavia (Pavia)<\/p>\n<p><strong>MEMBERS OF THE PROJECT:<\/strong><\/p>\n<p>\u2013 CHIETI-PESCARA: Luigi BRAVI (Universit\u00e0 \u201cG. d\u2019Annunzio\u201d di Chieti-Pescara), Marialuigia DI MARZIO (Universit\u00e0 \u201cG. d\u2019Annunzio\u201d di Chieti-Pescara), Donato LOSCALZO (Universit\u00e0 di Perugia), Serena NAPOLEONE (Universit\u00e0 \u201cG. d\u2019Annunzio\u201d di Chieti-Pescara), Anika NICOLOSI (Universit\u00e0 di Parma), Marco RECCHIA (Universit\u00e0 \u201cG. d\u2019Annunzio\u201d di Chieti-Pescara).<br \/>\n\u2013\u00a0URBINO: Paolo Biagio CIPOLLA (Universit\u00e0 di Catania), Valentina DARDANO (Universit\u00e0 di Urbino \u201cCarlo Bo\u201d), Giampaolo GALVANI (Universit\u00e0 di Urbino \u201cCarlo Bo\u201d), Paola INGROSSO (Universit\u00e0 di Bari), Vivian NAVARRO (Universit\u00e0 della Calabria), Giovanna PACE (Universit\u00e0 di Salerno), Piero TOTARO (Universit\u00e0 di Bari).<br \/>\n\u2013 LECCE: Giovanni BOFFA (Universit\u00e0 del Salento), Saulo DELLE DONNE (Universit\u00e0 del Salento), Maria Elena DELLA BONA (Universit\u00e0 del Salento), Caterina ROMANO (Universit\u00e0 del Salento).<br \/>\n\u2013 PAVIA: Luca BETTARINI (Universit\u00e0 di Roma \u201cLa Sapienza\u201d), Francesco BU\u00c8 (Universit\u00e0 di Pavia), Paola DOLCETTI (Universit\u00e0 di Torino), Adelaide FONGONI (Universit\u00e0 della Calabria), Angelo MERIANI (Universit\u00e0 di Salerno), Susanna SARTI (Direzione regionale musei nazionali della Toscana).<\/p>\n<\/div><\/div><\/div><\/div><\/div><div class=\"fusion-fullwidth fullwidth-box fusion-builder-row-2 fusion-flex-container has-pattern-background has-mask-background nonhundred-percent-fullwidth non-hundred-percent-height-scrolling\" style=\"--awb-border-radius-top-left:0px;--awb-border-radius-top-right:0px;--awb-border-radius-bottom-right:0px;--awb-border-radius-bottom-left:0px;--awb-flex-wrap:wrap;\" ><div class=\"fusion-builder-row fusion-row fusion-flex-align-items-flex-start fusion-flex-content-wrap\" style=\"max-width:1664px;margin-left: calc(-4% \/ 2 );margin-right: calc(-4% \/ 2 );\"><div class=\"fusion-layout-column fusion_builder_column fusion-builder-column-1 fusion_builder_column_1_4 1_4 fusion-flex-column\" style=\"--awb-bg-size:cover;--awb-width-large:25%;--awb-margin-top-large:0px;--awb-spacing-right-large:7.68%;--awb-margin-bottom-large:20px;--awb-spacing-left-large:7.68%;--awb-width-medium:25%;--awb-order-medium:0;--awb-spacing-right-medium:7.68%;--awb-spacing-left-medium:7.68%;--awb-width-small:100%;--awb-order-small:0;--awb-spacing-right-small:1.92%;--awb-spacing-left-small:1.92%;\"><div class=\"fusion-column-wrapper fusion-column-has-shadow fusion-flex-justify-content-flex-start fusion-content-layout-column\"><div class=\"fusion-image-element \" style=\"--awb-caption-title-font-family:var(--h2_typography-font-family);--awb-caption-title-font-weight:var(--h2_typography-font-weight);--awb-caption-title-font-style:var(--h2_typography-font-style);--awb-caption-title-size:var(--h2_typography-font-size);--awb-caption-title-transform:var(--h2_typography-text-transform);--awb-caption-title-line-height:var(--h2_typography-line-height);--awb-caption-title-letter-spacing:var(--h2_typography-letter-spacing);\"><span class=\" fusion-imageframe imageframe-none imageframe-1 hover-type-none\"><a href=\"https:\/\/www.secolidimezzo.com\/wp-content\/uploads\/2024\/11\/secolidimezzo-01.webp\" class=\"fusion-lightbox\" data-rel=\"iLightbox[114958339228911c369]\" data-title=\"secolidimezzo-01\" title=\"secolidimezzo-01\"><img decoding=\"async\" width=\"800\" height=\"800\" src=\"https:\/\/www.secolidimezzo.com\/wp-content\/uploads\/2024\/11\/secolidimezzo-01.webp\" alt class=\"img-responsive wp-image-1839\" srcset=\"https:\/\/www.secolidimezzo.com\/wp-content\/uploads\/2024\/11\/secolidimezzo-01-200x200.webp 200w, https:\/\/www.secolidimezzo.com\/wp-content\/uploads\/2024\/11\/secolidimezzo-01-400x400.webp 400w, https:\/\/www.secolidimezzo.com\/wp-content\/uploads\/2024\/11\/secolidimezzo-01-600x600.webp 600w, https:\/\/www.secolidimezzo.com\/wp-content\/uploads\/2024\/11\/secolidimezzo-01.webp 800w\" sizes=\"(max-width: 640px) 100vw, 400px\" \/><\/a><\/span><\/div><\/div><\/div><div class=\"fusion-layout-column fusion_builder_column fusion-builder-column-2 fusion_builder_column_1_4 1_4 fusion-flex-column\" style=\"--awb-bg-size:cover;--awb-width-large:25%;--awb-margin-top-large:0px;--awb-spacing-right-large:7.68%;--awb-margin-bottom-large:20px;--awb-spacing-left-large:7.68%;--awb-width-medium:25%;--awb-order-medium:0;--awb-spacing-right-medium:7.68%;--awb-spacing-left-medium:7.68%;--awb-width-small:100%;--awb-order-small:0;--awb-spacing-right-small:1.92%;--awb-spacing-left-small:1.92%;\"><div class=\"fusion-column-wrapper fusion-column-has-shadow fusion-flex-justify-content-flex-start fusion-content-layout-column\"><div class=\"fusion-image-element \" style=\"--awb-caption-title-font-family:var(--h2_typography-font-family);--awb-caption-title-font-weight:var(--h2_typography-font-weight);--awb-caption-title-font-style:var(--h2_typography-font-style);--awb-caption-title-size:var(--h2_typography-font-size);--awb-caption-title-transform:var(--h2_typography-text-transform);--awb-caption-title-line-height:var(--h2_typography-line-height);--awb-caption-title-letter-spacing:var(--h2_typography-letter-spacing);\"><span class=\" fusion-imageframe imageframe-none imageframe-2 hover-type-none\"><a href=\"https:\/\/www.secolidimezzo.com\/wp-content\/uploads\/2024\/11\/secolidimezzo-03.webp\" class=\"fusion-lightbox\" data-rel=\"iLightbox[062404d6cc9652efcf1]\" data-title=\"secolidimezzo-03\" title=\"secolidimezzo-03\"><img decoding=\"async\" width=\"800\" height=\"800\" src=\"https:\/\/www.secolidimezzo.com\/wp-content\/uploads\/2024\/11\/secolidimezzo-03.webp\" alt class=\"img-responsive wp-image-1841\" srcset=\"https:\/\/www.secolidimezzo.com\/wp-content\/uploads\/2024\/11\/secolidimezzo-03-200x200.webp 200w, https:\/\/www.secolidimezzo.com\/wp-content\/uploads\/2024\/11\/secolidimezzo-03-400x400.webp 400w, https:\/\/www.secolidimezzo.com\/wp-content\/uploads\/2024\/11\/secolidimezzo-03-600x600.webp 600w, https:\/\/www.secolidimezzo.com\/wp-content\/uploads\/2024\/11\/secolidimezzo-03.webp 800w\" sizes=\"(max-width: 640px) 100vw, 400px\" \/><\/a><\/span><\/div><\/div><\/div><div class=\"fusion-layout-column fusion_builder_column fusion-builder-column-3 fusion_builder_column_1_4 1_4 fusion-flex-column\" style=\"--awb-bg-size:cover;--awb-width-large:25%;--awb-margin-top-large:0px;--awb-spacing-right-large:7.68%;--awb-margin-bottom-large:20px;--awb-spacing-left-large:7.68%;--awb-width-medium:25%;--awb-order-medium:0;--awb-spacing-right-medium:7.68%;--awb-spacing-left-medium:7.68%;--awb-width-small:100%;--awb-order-small:0;--awb-spacing-right-small:1.92%;--awb-spacing-left-small:1.92%;\"><div class=\"fusion-column-wrapper fusion-column-has-shadow fusion-flex-justify-content-flex-start fusion-content-layout-column\"><div class=\"fusion-image-element \" style=\"--awb-caption-title-font-family:var(--h2_typography-font-family);--awb-caption-title-font-weight:var(--h2_typography-font-weight);--awb-caption-title-font-style:var(--h2_typography-font-style);--awb-caption-title-size:var(--h2_typography-font-size);--awb-caption-title-transform:var(--h2_typography-text-transform);--awb-caption-title-line-height:var(--h2_typography-line-height);--awb-caption-title-letter-spacing:var(--h2_typography-letter-spacing);\"><span class=\" fusion-imageframe imageframe-none imageframe-3 hover-type-none\"><a href=\"https:\/\/www.secolidimezzo.com\/wp-content\/uploads\/2024\/11\/secolidimezzo-02.webp\" class=\"fusion-lightbox\" data-rel=\"iLightbox[caad3907c9fee1baab4]\" data-title=\"secolidimezzo-02\" title=\"secolidimezzo-02\"><img decoding=\"async\" width=\"800\" height=\"800\" src=\"https:\/\/www.secolidimezzo.com\/wp-content\/uploads\/2024\/11\/secolidimezzo-02.webp\" alt class=\"img-responsive wp-image-1840\" srcset=\"https:\/\/www.secolidimezzo.com\/wp-content\/uploads\/2024\/11\/secolidimezzo-02-200x200.webp 200w, https:\/\/www.secolidimezzo.com\/wp-content\/uploads\/2024\/11\/secolidimezzo-02-400x400.webp 400w, https:\/\/www.secolidimezzo.com\/wp-content\/uploads\/2024\/11\/secolidimezzo-02-600x600.webp 600w, https:\/\/www.secolidimezzo.com\/wp-content\/uploads\/2024\/11\/secolidimezzo-02.webp 800w\" sizes=\"(max-width: 640px) 100vw, 400px\" \/><\/a><\/span><\/div><\/div><\/div><div class=\"fusion-layout-column fusion_builder_column fusion-builder-column-4 fusion_builder_column_1_4 1_4 fusion-flex-column\" style=\"--awb-bg-size:cover;--awb-width-large:25%;--awb-margin-top-large:0px;--awb-spacing-right-large:7.68%;--awb-margin-bottom-large:20px;--awb-spacing-left-large:7.68%;--awb-width-medium:25%;--awb-order-medium:0;--awb-spacing-right-medium:7.68%;--awb-spacing-left-medium:7.68%;--awb-width-small:100%;--awb-order-small:0;--awb-spacing-right-small:1.92%;--awb-spacing-left-small:1.92%;\"><div class=\"fusion-column-wrapper fusion-column-has-shadow fusion-flex-justify-content-flex-start fusion-content-layout-column\"><div class=\"fusion-image-element \" style=\"--awb-caption-title-font-family:var(--h2_typography-font-family);--awb-caption-title-font-weight:var(--h2_typography-font-weight);--awb-caption-title-font-style:var(--h2_typography-font-style);--awb-caption-title-size:var(--h2_typography-font-size);--awb-caption-title-transform:var(--h2_typography-text-transform);--awb-caption-title-line-height:var(--h2_typography-line-height);--awb-caption-title-letter-spacing:var(--h2_typography-letter-spacing);\"><span class=\" fusion-imageframe imageframe-none imageframe-4 hover-type-none\"><a href=\"https:\/\/www.secolidimezzo.com\/wp-content\/uploads\/2024\/11\/secolidimezzo-05-1.webp\" class=\"fusion-lightbox\" data-rel=\"iLightbox[0f4170d5481ed613050]\" data-title=\"secolidimezzo-05\" title=\"secolidimezzo-05\"><img decoding=\"async\" width=\"800\" height=\"800\" src=\"https:\/\/www.secolidimezzo.com\/wp-content\/uploads\/2024\/11\/secolidimezzo-05-1.webp\" alt class=\"img-responsive wp-image-1844\" srcset=\"https:\/\/www.secolidimezzo.com\/wp-content\/uploads\/2024\/11\/secolidimezzo-05-1-200x200.webp 200w, https:\/\/www.secolidimezzo.com\/wp-content\/uploads\/2024\/11\/secolidimezzo-05-1-400x400.webp 400w, https:\/\/www.secolidimezzo.com\/wp-content\/uploads\/2024\/11\/secolidimezzo-05-1-600x600.webp 600w, https:\/\/www.secolidimezzo.com\/wp-content\/uploads\/2024\/11\/secolidimezzo-05-1.webp 800w\" sizes=\"(max-width: 640px) 100vw, 400px\" \/><\/a><\/span><\/div><\/div><\/div><\/div><\/div><\/p>\n","protected":false},"excerpt":{"rendered":"","protected":false},"author":1,"featured_media":0,"parent":0,"menu_order":0,"comment_status":"closed","ping_status":"closed","template":"","meta":{"footnotes":""},"class_list":["post-1861","page","type-page","status-publish","hentry"],"yoast_head":"<!-- This site is optimized with the Yoast SEO plugin v26.8 - https:\/\/yoast.com\/product\/yoast-seo-wordpress\/ -->\n<title>The project - Secoli di Mezzo<\/title>\n<meta name=\"robots\" content=\"index, follow, max-snippet:-1, max-image-preview:large, max-video-preview:-1\" \/>\n<link rel=\"canonical\" href=\"https:\/\/www.secolidimezzo.com\/en\/the-project\/\" \/>\n<meta property=\"og:locale\" content=\"en_US\" \/>\n<meta property=\"og:type\" content=\"article\" \/>\n<meta property=\"og:title\" content=\"The project - Secoli di Mezzo\" \/>\n<meta property=\"og:url\" content=\"https:\/\/www.secolidimezzo.com\/en\/the-project\/\" \/>\n<meta property=\"og:site_name\" content=\"Secoli di Mezzo\" \/>\n<meta property=\"article:modified_time\" content=\"2025-09-26T17:07:45+00:00\" \/>\n<meta name=\"twitter:card\" content=\"summary_large_image\" \/>\n<meta name=\"twitter:label1\" content=\"Est. reading time\" \/>\n\t<meta name=\"twitter:data1\" content=\"3 minutes\" \/>\n<script type=\"application\/ld+json\" class=\"yoast-schema-graph\">{\"@context\":\"https:\/\/schema.org\",\"@graph\":[{\"@type\":\"WebPage\",\"@id\":\"https:\/\/www.secolidimezzo.com\/en\/the-project\/\",\"url\":\"https:\/\/www.secolidimezzo.com\/en\/the-project\/\",\"name\":\"The project - Secoli di Mezzo\",\"isPartOf\":{\"@id\":\"https:\/\/www.secolidimezzo.com\/en\/#website\"},\"datePublished\":\"2024-11-05T15:47:59+00:00\",\"dateModified\":\"2025-09-26T17:07:45+00:00\",\"breadcrumb\":{\"@id\":\"https:\/\/www.secolidimezzo.com\/en\/the-project\/#breadcrumb\"},\"inLanguage\":\"en-US\",\"potentialAction\":[{\"@type\":\"ReadAction\",\"target\":[\"https:\/\/www.secolidimezzo.com\/en\/the-project\/\"]}]},{\"@type\":\"BreadcrumbList\",\"@id\":\"https:\/\/www.secolidimezzo.com\/en\/the-project\/#breadcrumb\",\"itemListElement\":[{\"@type\":\"ListItem\",\"position\":1,\"name\":\"Home\",\"item\":\"https:\/\/www.secolidimezzo.com\/en\/\"},{\"@type\":\"ListItem\",\"position\":2,\"name\":\"The project\"}]},{\"@type\":\"WebSite\",\"@id\":\"https:\/\/www.secolidimezzo.com\/en\/#website\",\"url\":\"https:\/\/www.secolidimezzo.com\/en\/\",\"name\":\"Secoli di Mezzo\",\"description\":\"La poesia e la musica greca del IV secolo a.c.\",\"potentialAction\":[{\"@type\":\"SearchAction\",\"target\":{\"@type\":\"EntryPoint\",\"urlTemplate\":\"https:\/\/www.secolidimezzo.com\/en\/?s={search_term_string}\"},\"query-input\":{\"@type\":\"PropertyValueSpecification\",\"valueRequired\":true,\"valueName\":\"search_term_string\"}}],\"inLanguage\":\"en-US\"}]}<\/script>\n<!-- \/ Yoast SEO plugin. -->","yoast_head_json":{"title":"The project - Secoli di Mezzo","robots":{"index":"index","follow":"follow","max-snippet":"max-snippet:-1","max-image-preview":"max-image-preview:large","max-video-preview":"max-video-preview:-1"},"canonical":"https:\/\/www.secolidimezzo.com\/en\/the-project\/","og_locale":"en_US","og_type":"article","og_title":"The project - Secoli di Mezzo","og_url":"https:\/\/www.secolidimezzo.com\/en\/the-project\/","og_site_name":"Secoli di Mezzo","article_modified_time":"2025-09-26T17:07:45+00:00","twitter_card":"summary_large_image","twitter_misc":{"Est. reading time":"3 minutes"},"schema":{"@context":"https:\/\/schema.org","@graph":[{"@type":"WebPage","@id":"https:\/\/www.secolidimezzo.com\/en\/the-project\/","url":"https:\/\/www.secolidimezzo.com\/en\/the-project\/","name":"The project - Secoli di Mezzo","isPartOf":{"@id":"https:\/\/www.secolidimezzo.com\/en\/#website"},"datePublished":"2024-11-05T15:47:59+00:00","dateModified":"2025-09-26T17:07:45+00:00","breadcrumb":{"@id":"https:\/\/www.secolidimezzo.com\/en\/the-project\/#breadcrumb"},"inLanguage":"en-US","potentialAction":[{"@type":"ReadAction","target":["https:\/\/www.secolidimezzo.com\/en\/the-project\/"]}]},{"@type":"BreadcrumbList","@id":"https:\/\/www.secolidimezzo.com\/en\/the-project\/#breadcrumb","itemListElement":[{"@type":"ListItem","position":1,"name":"Home","item":"https:\/\/www.secolidimezzo.com\/en\/"},{"@type":"ListItem","position":2,"name":"The project"}]},{"@type":"WebSite","@id":"https:\/\/www.secolidimezzo.com\/en\/#website","url":"https:\/\/www.secolidimezzo.com\/en\/","name":"Secoli di Mezzo","description":"La poesia e la musica greca del IV secolo a.c.","potentialAction":[{"@type":"SearchAction","target":{"@type":"EntryPoint","urlTemplate":"https:\/\/www.secolidimezzo.com\/en\/?s={search_term_string}"},"query-input":{"@type":"PropertyValueSpecification","valueRequired":true,"valueName":"search_term_string"}}],"inLanguage":"en-US"}]}},"_links":{"self":[{"href":"https:\/\/www.secolidimezzo.com\/en\/wp-json\/wp\/v2\/pages\/1861","targetHints":{"allow":["GET"]}}],"collection":[{"href":"https:\/\/www.secolidimezzo.com\/en\/wp-json\/wp\/v2\/pages"}],"about":[{"href":"https:\/\/www.secolidimezzo.com\/en\/wp-json\/wp\/v2\/types\/page"}],"author":[{"embeddable":true,"href":"https:\/\/www.secolidimezzo.com\/en\/wp-json\/wp\/v2\/users\/1"}],"replies":[{"embeddable":true,"href":"https:\/\/www.secolidimezzo.com\/en\/wp-json\/wp\/v2\/comments?post=1861"}],"version-history":[{"count":18,"href":"https:\/\/www.secolidimezzo.com\/en\/wp-json\/wp\/v2\/pages\/1861\/revisions"}],"predecessor-version":[{"id":6290,"href":"https:\/\/www.secolidimezzo.com\/en\/wp-json\/wp\/v2\/pages\/1861\/revisions\/6290"}],"wp:attachment":[{"href":"https:\/\/www.secolidimezzo.com\/en\/wp-json\/wp\/v2\/media?parent=1861"}],"curies":[{"name":"wp","href":"https:\/\/api.w.org\/{rel}","templated":true}]}}